{"id":1178,"date":"2024-10-19T10:37:38","date_gmt":"2024-10-19T07:37:38","guid":{"rendered":"https:\/\/saneks.com.tr\/en\/?page_id=1178"},"modified":"2024-10-23T22:23:05","modified_gmt":"2024-10-23T19:23:05","slug":"other-products","status":"publish","type":"page","link":"https:\/\/saneks.com.tr\/en\/other-products\/","title":{"rendered":"Other Products"},"content":{"rendered":"\t\t<div data-elementor-type=\"wp-page\" data-elementor-id=\"1178\" class=\"elementor elementor-1178\">\n\t\t\t\t<div class=\"elementor-element elementor-element-fb7d937 e-flex e-con-boxed e-con e-parent\" data-id=\"fb7d937\" data-element_type=\"container\">\n\t\t\t\t\t<div class=\"e-con-inner\">\n\t\t\t\t<div class=\"elementor-element elementor-element-ee01575 elementor-widget elementor-widget-heading\" data-id=\"ee01575\" data-element_type=\"widget\" data-widget_type=\"heading.default\">\n\t\t\t\t<div class=\"elementor-widget-container\">\n\t\t\t<h2 class=\"elementor-heading-title elementor-size-default\">Di\u011fer \u00dcr\u00fcnler<\/h2>\t\t<\/div>\n\t\t\t\t<\/div>\n\t\t\t\t\t<\/div>\n\t\t\t\t<\/div>\n\t\t<div class=\"elementor-element elementor-element-d045804 e-flex e-con-boxed e-con e-parent\" data-id=\"d045804\" data-element_type=\"container\">\n\t\t\t\t\t<div class=\"e-con-inner\">\n\t\t\t\t<div class=\"elementor-element elementor-element-8a40389 elementor-widget elementor-widget-text-editor\" data-id=\"8a40389\" data-element_type=\"widget\" data-widget_type=\"text-editor.default\">\n\t\t\t\t<div class=\"elementor-widget-container\">\n\t\t\t\t\t\t\t<p>G\u00fcncellenecektir.<\/p>\t\t\t\t\t\t<\/div>\n\t\t\t\t<\/div>\n\t\t\t\t\t<\/div>\n\t\t\t\t<\/div>\n\t\t\t\t<\/div>\n\t\t","protected":false},"excerpt":{"rendered":"<p>Di\u011fer \u00dcr\u00fcnler G\u00fcncellenecektir.<\/p>\n","protected":false},"author":1,"featured_media":1091,"parent":0,"menu_order":0,"comment_status":"closed","ping_status":"closed","template":"page-templates\/pages-about.php","meta":{"footnotes":""},"class_list":["post-1178","page","type-page","status-publish","has-post-thumbnail","hentry"],"_links":{"self":[{"href":"https:\/\/saneks.com.tr\/en\/wp-json\/wp\/v2\/pages\/1178","targetHints":{"allow":["GET"]}}],"collection":[{"href":"https:\/\/saneks.com.tr\/en\/wp-json\/wp\/v2\/pages"}],"about":[{"href":"https:\/\/saneks.com.tr\/en\/wp-json\/wp\/v2\/types\/page"}],"author":[{"embeddable":true,"href":"https:\/\/saneks.com.tr\/en\/wp-json\/wp\/v2\/users\/1"}],"replies":[{"embeddable":true,"href":"https:\/\/saneks.com.tr\/en\/wp-json\/wp\/v2\/comments?post=1178"}],"version-history":[{"count":8,"href":"https:\/\/saneks.com.tr\/en\/wp-json\/wp\/v2\/pages\/1178\/revisions"}],"predecessor-version":[{"id":1245,"href":"https:\/\/saneks.com.tr\/en\/wp-json\/wp\/v2\/pages\/1178\/revisions\/1245"}],"wp:featuredmedia":[{"embeddable":true,"href":"https:\/\/saneks.com.tr\/en\/wp-json\/wp\/v2\/media\/1091"}],"wp:attachment":[{"href":"https:\/\/saneks.com.tr\/en\/wp-json\/wp\/v2\/media?parent=1178"}],"curies":[{"name":"wp","href":"https:\/\/api.w.org\/{rel}","templated":true}]}}