{"id":266,"date":"2023-02-07T14:20:46","date_gmt":"2023-02-07T14:20:46","guid":{"rendered":"https:\/\/wpriverthemes.com\/earnaelem\/?page_id=266"},"modified":"2024-10-24T23:05:36","modified_gmt":"2024-10-24T20:05:36","slug":"contact","status":"publish","type":"page","link":"https:\/\/saneks.com.tr\/en\/contact\/","title":{"rendered":"Contact Us"},"content":{"rendered":"\t\t<div data-elementor-type=\"wp-page\" data-elementor-id=\"266\" class=\"elementor elementor-266\">\n\t\t\t\t\t\t<section class=\"elementor-section elementor-top-section elementor-element elementor-element-fb739f4 elementor-section-full_width elementor-section-height-default elementor-section-height-default\" data-id=\"fb739f4\" data-element_type=\"section\">\n\t\t\t\t\t\t<div class=\"elementor-container elementor-column-gap-no\">\n\t\t\t\t\t<div class=\"elementor-column elementor-col-100 elementor-top-column elementor-element elementor-element-a59d845\" data-id=\"a59d845\" data-element_type=\"column\">\n\t\t\t<div class=\"elementor-widget-wrap elementor-element-populated\">\n\t\t\t\t\t\t<div class=\"elementor-element elementor-element-cf4a3bc elementor-widget elementor-widget-contact\" data-id=\"cf4a3bc\" data-element_type=\"widget\" data-widget_type=\"contact.default\">\n\t\t\t\t<div class=\"elementor-widget-container\">\n\t\t\t\n       <!-- Start Contact Area \n============================================= -->\n<div id=\"contact\" class=\"contact-area default-padding bg-theme inc-shape extra-margin\">\n    <div class=\"container\">\n        <div class=\"row align-center\">\n            <div class=\"col-lg-5 info\">\n                <div class=\"content\">\n                    <h2>Contact us<\/h2>\n                    <p>Since its establishment, it has served as a supplier for many products, continuing its operations with a focus on reliable, timely delivery and seamless trade for its valued customers.<\/p>\n                    <ul>\n                                                 <li>\n                            <i class=\"fas fa-map-marker-alt\"><\/i>\n                            <p>\n                                Caddebostan Mah. Op. Cemil Topuzlu Cad. No:45 Da:4 CT45 Apt. Kad\u0131k\u00f6y 34728 \u0130stanbul, T\u00fcrkiye                            <\/p>\n                        <\/li>\n                                                <li>\n                            <i class=\"fas fa-phone\"><\/i>\n                            <p>\n                                +90 216 360 09 19<br> +90 216 519 65 13                            <\/p>\n                        <\/li>\n                                                <li>\n                            <i class=\"fas fa-fax\"><\/i>\n                            <p>\n                                +90 216 360 19 49                            <\/p>\n                        <\/li>\n                                                <li>\n                            <i class=\"fas fa-envelope\"><\/i>\n                            <p>\n                                info@saneks.com.tr                            <\/p>\n                        <\/li>\n                                            <\/ul>\n                <\/div>\n            <\/div>\n            <div class=\"col-lg-6 offset-lg-1 contact-form-box\">\n                <div class=\"form-box\">\n                    \n<div class=\"wpcf7 no-js\" id=\"wpcf7-f1032-o1\" lang=\"en-US\" dir=\"ltr\">\n<div class=\"screen-reader-response\"><p role=\"status\" aria-live=\"polite\" aria-atomic=\"true\"><\/p> <ul><\/ul><\/div>\n<form action=\"\/en\/wp-json\/wp\/v2\/pages\/266#wpcf7-f1032-o1\" method=\"post\" class=\"wpcf7-form init\" aria-label=\"Contact form\" novalidate=\"novalidate\" data-status=\"init\">\n<div style=\"display: none;\">\n<input type=\"hidden\" name=\"_wpcf7\" value=\"1032\" \/>\n<input type=\"hidden\" name=\"_wpcf7_version\" value=\"5.9.8\" \/>\n<input type=\"hidden\" name=\"_wpcf7_locale\" value=\"en_US\" \/>\n<input type=\"hidden\" name=\"_wpcf7_unit_tag\" value=\"wpcf7-f1032-o1\" \/>\n<input type=\"hidden\" name=\"_wpcf7_container_post\" value=\"0\" \/>\n<input type=\"hidden\" name=\"_wpcf7_posted_data_hash\" value=\"\" \/>\n<\/div>\n<div class=\"row\">\n\t<div class=\"col-lg-12\">\n\t\t<div class=\"form-group\">\n\t\t\t<p><span class=\"wpcf7-form-control-wrap\" data-name=\"your-name\"><input size=\"40\" maxlength=\"400\" class=\"wpcf7-form-control wpcf7-text wpcf7-validates-as-required form-control\" id=\"name\" aria-required=\"true\" aria-invalid=\"false\" placeholder=\"Full Name\" value=\"\" type=\"text\" name=\"your-name\" \/><\/span><br \/>\n<span class=\"alert-error\"><\/span>\n\t\t\t<\/p>\n\t\t<\/div>\n\t<\/div>\n<\/div>\n<div class=\"row\">\n\t<div class=\"col-lg-6\">\n\t\t<div class=\"form-group\">\n\t\t\t<p><span class=\"wpcf7-form-control-wrap\" data-name=\"email\"><input size=\"40\" maxlength=\"400\" class=\"wpcf7-form-control wpcf7-email wpcf7-validates-as-required wpcf7-text wpcf7-validates-as-email form-control\" aria-required=\"true\" aria-invalid=\"false\" placeholder=\"Email\" value=\"\" type=\"email\" name=\"email\" \/><\/span><br \/>\n<span class=\"alert-error\"><\/span>\n\t\t\t<\/p>\n\t\t<\/div>\n\t<\/div>\n\t<div class=\"col-lg-6\">\n\t\t<div class=\"form-group\">\n\t\t\t<p><span class=\"wpcf7-form-control-wrap\" data-name=\"phone\"><input size=\"40\" maxlength=\"400\" class=\"wpcf7-form-control wpcf7-text wpcf7-validates-as-required form-control\" aria-required=\"true\" aria-invalid=\"false\" placeholder=\"Phone\" value=\"\" type=\"text\" name=\"phone\" \/><\/span><br \/>\n<span class=\"alert-error\"><\/span>\n\t\t\t<\/p>\n\t\t<\/div>\n\t<\/div>\n<\/div>\n<div class=\"row\">\n\t<div class=\"col-lg-12\">\n\t\t<div class=\"form-group comments\">\n\t\t\t<p><span class=\"wpcf7-form-control-wrap\" data-name=\"comments\"><textarea cols=\"40\" rows=\"2\" maxlength=\"2000\" class=\"wpcf7-form-control wpcf7-textarea wpcf7-validates-as-required form-control\" id=\"comments\" aria-required=\"true\" aria-invalid=\"false\" placeholder=\"Your message*\" name=\"comments\"><\/textarea><\/span>\n\t\t\t<\/p>\n\t\t<\/div>\n\t<\/div>\n<\/div>\n<div class=\"row\">\n\t<div class=\"col-lg-12\">\n\t\t<p><button type=\"submit\" name=\"submit\" id=\"submit\">Send <i class=\"fa fa-paper-plane\"><\/i><\/button>\n\t\t<\/p>\n\t<\/div>\n<\/div>\n<!-- Alert Message -->\n<div class=\"col-md-12 alert-notification\">\n\t<div id=\"message\" class=\"alert-msg\">\n\t<\/div>\n<\/div><div class=\"wpcf7-response-output\" aria-hidden=\"true\"><\/div>\n<\/form>\n<\/div>\n                <\/div>\n            <\/div>\n        <\/div>\n    <\/div>\n<\/div>\n<!-- End Contact Area -->\n<!-- Star Google Maps\n    ============================================= -->\n    <div class=\"maps-area\">\n        <div class=\"google-maps\">\n            <iframe src=\"https:\/\/www.google.com\/maps\/embed?pb=!1m18!1m12!1m3!1d3012.5034295843066!2d29.05306810958806!3d40.97045592770478!2m3!1f0!2f0!3f0!3m2!1i1024!2i768!4f13.1!3m3!1m2!1s0x14cac775c8675235%3A0x3b4aa47e2ed69441!2sSaneks%20Ic%20ve%20Dis%20Ticaret!5e0!3m2!1sen!2str!4v1729282353521!5m2!1sen!2str&quot; width=&quot;600&quot; height=&quot;450&quot; style=&quot;border:0;&quot; allowfullscreen=&quot;&quot; loading=&quot;lazy&quot; referrerpolicy=&quot;no-referrer-when-downgrade&quot;\"><\/iframe>\n        <\/div>\n    <\/div>\n<!-- End Google Maps -->\n    \t\t<\/div>\n\t\t\t\t<\/div>\n\t\t\t\t\t<\/div>\n\t\t<\/div>\n\t\t\t\t\t<\/div>\n\t\t<\/section>\n\t\t\t\t<\/div>\n\t\t","protected":false},"excerpt":{"rendered":"<p>Contact us Since its establishment, it has served as a supplier for many products, continuing its operations with a focus on reliable, timely delivery and seamless trade for its valued customers. Caddebostan Mah. Op. Cemil Topuzlu Cad. No:45 Da:4 CT45 Apt. Kad\u0131k\u00f6y 34728 \u0130stanbul, T\u00fcrkiye +90 216 360 09 19 +90 216 519 65 13 [&hellip;]<\/p>\n","protected":false},"author":1,"featured_media":1091,"parent":0,"menu_order":0,"comment_status":"closed","ping_status":"closed","template":"page-templates\/pages.php","meta":{"footnotes":""},"class_list":["post-266","page","type-page","status-publish","has-post-thumbnail","hentry"],"_links":{"self":[{"href":"https:\/\/saneks.com.tr\/en\/wp-json\/wp\/v2\/pages\/266","targetHints":{"allow":["GET"]}}],"collection":[{"href":"https:\/\/saneks.com.tr\/en\/wp-json\/wp\/v2\/pages"}],"about":[{"href":"https:\/\/saneks.com.tr\/en\/wp-json\/wp\/v2\/types\/page"}],"author":[{"embeddable":true,"href":"https:\/\/saneks.com.tr\/en\/wp-json\/wp\/v2\/users\/1"}],"replies":[{"embeddable":true,"href":"https:\/\/saneks.com.tr\/en\/wp-json\/wp\/v2\/comments?post=266"}],"version-history":[{"count":16,"href":"https:\/\/saneks.com.tr\/en\/wp-json\/wp\/v2\/pages\/266\/revisions"}],"predecessor-version":[{"id":1282,"href":"https:\/\/saneks.com.tr\/en\/wp-json\/wp\/v2\/pages\/266\/revisions\/1282"}],"wp:featuredmedia":[{"embeddable":true,"href":"https:\/\/saneks.com.tr\/en\/wp-json\/wp\/v2\/media\/1091"}],"wp:attachment":[{"href":"https:\/\/saneks.com.tr\/en\/wp-json\/wp\/v2\/media?parent=266"}],"curies":[{"name":"wp","href":"https:\/\/api.w.org\/{rel}","templated":true}]}}